{"id":1251,"date":"2026-03-25T10:12:33","date_gmt":"2026-03-25T10:12:33","guid":{"rendered":"https:\/\/gstservice.es\/?page_id=1251"},"modified":"2026-03-25T10:15:05","modified_gmt":"2026-03-25T10:15:05","slug":"obrigado","status":"publish","type":"page","link":"https:\/\/gstservice.es\/en\/lp-gst\/obrigado\/","title":{"rendered":"Obrigado"},"content":{"rendered":"<div data-elementor-type=\"wp-page\" data-elementor-id=\"1251\" class=\"elementor elementor-1251\" data-elementor-settings=\"{&quot;ha_cmc_init_switcher&quot;:&quot;no&quot;}\" data-elementor-post-type=\"page\">\n\t\t\t\t<div class=\"elementor-element elementor-element-56780911 e-flex e-con-boxed e-con e-parent\" data-id=\"56780911\" data-element_type=\"container\" data-e-type=\"container\" data-settings=\"{&quot;background_background&quot;:&quot;classic&quot;,&quot;_ha_eqh_enable&quot;:false}\">\n\t\t\t\t\t<div class=\"e-con-inner\">\n\t\t<div class=\"elementor-element elementor-element-43d41672 e-con-full e-flex e-con e-child\" data-id=\"43d41672\" data-element_type=\"container\" data-e-type=\"container\" data-settings=\"{&quot;_ha_eqh_enable&quot;:false}\">\n\t\t\t\t<div class=\"elementor-element elementor-element-2363e1df elementor-widget elementor-widget-image\" data-id=\"2363e1df\" data-element_type=\"widget\" data-e-type=\"widget\" data-widget_type=\"image.default\">\n\t\t\t\t<div class=\"elementor-widget-container\">\n\t\t\t\t\t\t\t\t\t\t\t\t\t\t\t<img fetchpriority=\"high\" decoding=\"async\" width=\"800\" height=\"141\" src=\"https:\/\/gstservice.es\/wp-content\/uploads\/2026\/03\/logo-GST-1024x181-1.jpg\" class=\"attachment-large size-large wp-image-1230\" alt=\"\" srcset=\"https:\/\/gstservice.es\/wp-content\/uploads\/2026\/03\/logo-GST-1024x181-1.jpg 1024w, https:\/\/gstservice.es\/wp-content\/uploads\/2026\/03\/logo-GST-1024x181-1-300x53.jpg 300w, https:\/\/gstservice.es\/wp-content\/uploads\/2026\/03\/logo-GST-1024x181-1-768x136.jpg 768w\" sizes=\"(max-width: 800px) 100vw, 800px\" \/>\t\t\t\t\t\t\t\t\t\t\t\t\t\t\t<\/div>\n\t\t\t\t<\/div>\n\t\t\t\t<div class=\"elementor-element elementor-element-25b86f63 elementor-widget elementor-widget-heading\" data-id=\"25b86f63\" data-element_type=\"widget\" data-e-type=\"widget\" data-widget_type=\"heading.default\">\n\t\t\t\t<div class=\"elementor-widget-container\">\n\t\t\t\t\t<h1 class=\"elementor-heading-title elementor-size-default\">Obrigado pelo seu contacto\n<\/h1>\t\t\t\t<\/div>\n\t\t\t\t<\/div>\n\t\t\t\t<div class=\"elementor-element elementor-element-7d5a8809 elementor-widget elementor-widget-heading\" data-id=\"7d5a8809\" data-element_type=\"widget\" data-e-type=\"widget\" data-widget_type=\"heading.default\">\n\t\t\t\t<div class=\"elementor-widget-container\">\n\t\t\t\t\t<h2 class=\"elementor-heading-title elementor-size-default\"><span class=\"linha\">Recebemos o seu pedido de informa\u00e7\u00e3o sobre o NIE\n<\/span><\/h2>\t\t\t\t<\/div>\n\t\t\t\t<\/div>\n\t\t\t\t<div class=\"elementor-element elementor-element-6732771f elementor-widget elementor-widget-text-editor\" data-id=\"6732771f\" data-element_type=\"widget\" data-e-type=\"widget\" data-widget_type=\"text-editor.default\">\n\t\t\t\t<div class=\"elementor-widget-container\">\n\t\t\t\t\t\t\t\t\t<p>Este \u00e9 apenas o primeiro passo para quem quer viver, trabalhar ou investir em Espanha e precisa de orienta\u00e7\u00e3o no in\u00edcio do processo.<\/p><p>A equipa da GST ir\u00e1 entrar em contacto consigo para perceber melhor a sua situa\u00e7\u00e3o e explicar, com clareza, como funciona o pedido do NIE e quais os pr\u00f3ximos passos.<\/p>\t\t\t\t\t\t\t\t<\/div>\n\t\t\t\t<\/div>\n\t\t\t\t<\/div>\n\t\t\t\t\t<\/div>\n\t\t\t\t<\/div>\n\t\t<div class=\"elementor-element elementor-element-20d9e8ba e-flex e-con-boxed e-con e-parent\" data-id=\"20d9e8ba\" data-element_type=\"container\" data-e-type=\"container\" data-settings=\"{&quot;background_background&quot;:&quot;classic&quot;,&quot;_ha_eqh_enable&quot;:false}\">\n\t\t\t\t\t<div class=\"e-con-inner\">\n\t\t\t\t<div class=\"elementor-element elementor-element-75ce718a elementor-widget elementor-widget-text-editor\" data-id=\"75ce718a\" data-element_type=\"widget\" data-e-type=\"widget\" data-widget_type=\"text-editor.default\">\n\t\t\t\t<div class=\"elementor-widget-container\">\n\t\t\t\t\t\t\t\t\t<p>\u00a9 2026 &#8211; GST Service | Todos os Direitos Reservados | Desenvolvido por Blue Bolt Agency<\/p>\t\t\t\t\t\t\t\t<\/div>\n\t\t\t\t<\/div>\n\t\t\t\t\t<\/div>\n\t\t\t\t<\/div>\n\t\t\t\t<\/div>","protected":false},"excerpt":{"rendered":"<p>Obrigado pelo seu contacto Recebemos o seu pedido de informa\u00e7\u00e3o sobre o NIE Este \u00e9 apenas o primeiro passo para quem quer viver, trabalhar ou investir em Espanha e precisa de orienta\u00e7\u00e3o no in\u00edcio do processo. A equipa da GST ir\u00e1 entrar em contacto consigo para perceber melhor a sua situa\u00e7\u00e3o e explicar, com clareza, [&hellip;]<\/p>\n","protected":false},"author":2,"featured_media":0,"parent":1227,"menu_order":0,"comment_status":"closed","ping_status":"closed","template":"elementor_canvas","meta":{"footnotes":""},"class_list":["post-1251","page","type-page","status-publish","hentry"],"_links":{"self":[{"href":"https:\/\/gstservice.es\/en\/wp-json\/wp\/v2\/pages\/1251","targetHints":{"allow":["GET"]}}],"collection":[{"href":"https:\/\/gstservice.es\/en\/wp-json\/wp\/v2\/pages"}],"about":[{"href":"https:\/\/gstservice.es\/en\/wp-json\/wp\/v2\/types\/page"}],"author":[{"embeddable":true,"href":"https:\/\/gstservice.es\/en\/wp-json\/wp\/v2\/users\/2"}],"replies":[{"embeddable":true,"href":"https:\/\/gstservice.es\/en\/wp-json\/wp\/v2\/comments?post=1251"}],"version-history":[{"count":4,"href":"https:\/\/gstservice.es\/en\/wp-json\/wp\/v2\/pages\/1251\/revisions"}],"predecessor-version":[{"id":1255,"href":"https:\/\/gstservice.es\/en\/wp-json\/wp\/v2\/pages\/1251\/revisions\/1255"}],"up":[{"embeddable":true,"href":"https:\/\/gstservice.es\/en\/wp-json\/wp\/v2\/pages\/1227"}],"wp:attachment":[{"href":"https:\/\/gstservice.es\/en\/wp-json\/wp\/v2\/media?parent=1251"}],"curies":[{"name":"wp","href":"https:\/\/api.w.org\/{rel}","templated":true}]}}