{"id":1210,"date":"2026-03-20T15:58:41","date_gmt":"2026-03-20T15:58:41","guid":{"rendered":"https:\/\/gstservice.es\/?page_id=1210"},"modified":"2026-03-20T16:02:06","modified_gmt":"2026-03-20T16:02:06","slug":"obrigado","status":"publish","type":"page","link":"https:\/\/gstservice.es\/en\/gst-empresas\/obrigado\/","title":{"rendered":"Obrigado"},"content":{"rendered":"<div data-elementor-type=\"wp-page\" data-elementor-id=\"1210\" class=\"elementor elementor-1210\" data-elementor-settings=\"{&quot;ha_cmc_init_switcher&quot;:&quot;no&quot;}\" data-elementor-post-type=\"page\">\n\t\t\t\t<div class=\"elementor-element elementor-element-60e166a e-con-full e-flex e-con e-parent\" data-id=\"60e166a\" data-element_type=\"container\" data-e-type=\"container\" data-settings=\"{&quot;background_background&quot;:&quot;classic&quot;,&quot;_ha_eqh_enable&quot;:false}\">\n\t\t<div class=\"elementor-element elementor-element-7606a3d e-con-full e-flex e-con e-child\" data-id=\"7606a3d\" data-element_type=\"container\" data-e-type=\"container\" data-settings=\"{&quot;_ha_eqh_enable&quot;:false}\">\n\t\t\t\t<div class=\"elementor-element elementor-element-51a0c26 elementor-widget elementor-widget-image\" data-id=\"51a0c26\" data-element_type=\"widget\" data-e-type=\"widget\" data-widget_type=\"image.default\">\n\t\t\t\t<div class=\"elementor-widget-container\">\n\t\t\t\t\t\t\t\t\t\t\t\t\t\t\t<img fetchpriority=\"high\" decoding=\"async\" width=\"800\" height=\"141\" src=\"https:\/\/gstservice.es\/wp-content\/uploads\/2026\/03\/logo-GST-1024x181-Editado.png\" class=\"attachment-large size-large wp-image-1166\" alt=\"\" srcset=\"https:\/\/gstservice.es\/wp-content\/uploads\/2026\/03\/logo-GST-1024x181-Editado.png 1024w, https:\/\/gstservice.es\/wp-content\/uploads\/2026\/03\/logo-GST-1024x181-Editado-300x53.png 300w, https:\/\/gstservice.es\/wp-content\/uploads\/2026\/03\/logo-GST-1024x181-Editado-768x136.png 768w\" sizes=\"(max-width: 800px) 100vw, 800px\" \/>\t\t\t\t\t\t\t\t\t\t\t\t\t\t\t<\/div>\n\t\t\t\t<\/div>\n\t\t\t\t<div class=\"elementor-element elementor-element-cd9cfc4 elementor-invisible elementor-widget elementor-widget-heading\" data-id=\"cd9cfc4\" data-element_type=\"widget\" data-e-type=\"widget\" data-settings=\"{&quot;_animation&quot;:&quot;fadeInDown&quot;}\" data-widget_type=\"heading.default\">\n\t\t\t\t<div class=\"elementor-widget-container\">\n\t\t\t\t\t<h1 class=\"elementor-heading-title elementor-size-default\">Obrigado pelo seu contacto\n<\/h1>\t\t\t\t<\/div>\n\t\t\t\t<\/div>\n\t\t\t\t<div class=\"elementor-element elementor-element-c87b957 elementor-widget__width-initial elementor-widget-mobile__width-inherit elementor-widget elementor-widget-text-editor\" data-id=\"c87b957\" data-element_type=\"widget\" data-e-type=\"widget\" data-widget_type=\"text-editor.default\">\n\t\t\t\t<div class=\"elementor-widget-container\">\n\t\t\t\t\t\t\t\t\t<p><span style=\"font-weight: 400;\">Recebemos o seu pedido de informa\u00e7\u00e3o sobre a cria\u00e7\u00e3o de empresa em Espanha<\/span><\/p><p><span style=\"font-weight: 400;\">Este \u00e9 o primeiro passo para estruturar a sua atividade em Espanha com acompanhamento e clareza.<\/span><\/p><p><span style=\"font-weight: 400;\">A equipa da GST ir\u00e1 entrar em contacto consigo para perceber melhor a sua situa\u00e7\u00e3o e explicar, de forma simples, como funciona todo o processo de cria\u00e7\u00e3o de empresa e quais os pr\u00f3ximos passos.<\/span><\/p><p><span style=\"font-weight: 400;\">Entraremos em contacto consigo com a maior brevidade poss\u00edvel.<\/span><span style=\"font-weight: 400;\"><br \/><\/span><\/p><p><span style=\"font-weight: 400;\">Se preferir, pode falar diretamente com a nossa equipa:<\/span><\/p>\t\t\t\t\t\t\t\t<\/div>\n\t\t\t\t<\/div>\n\t\t\t\t<div class=\"elementor-element elementor-element-4dc2142 elementor-align-center elementor-widget elementor-widget-button\" data-id=\"4dc2142\" data-element_type=\"widget\" data-e-type=\"widget\" data-widget_type=\"button.default\">\n\t\t\t\t<div class=\"elementor-widget-container\">\n\t\t\t\t\t\t\t\t\t<div class=\"elementor-button-wrapper\">\n\t\t\t\t\t<a class=\"elementor-button elementor-button-link elementor-size-sm\" href=\"#form\">\n\t\t\t\t\t\t<span class=\"elementor-button-content-wrapper\">\n\t\t\t\t\t\t<span class=\"elementor-button-icon\">\n\t\t\t\t<svg aria-hidden=\"true\" class=\"e-font-icon-svg e-fab-whatsapp\" viewbox=\"0 0 448 512\" xmlns=\"http:\/\/www.w3.org\/2000\/svg\"><path d=\"M380.9 97.1C339 55.1 283.2 32 223.9 32c-122.4 0-222 99.6-222 222 0 39.1 10.2 77.3 29.6 111L0 480l117.7-30.9c32.4 17.7 68.9 27 106.1 27h.1c122.3 0 224.1-99.6 224.1-222 0-59.3-25.2-115-67.1-157zm-157 341.6c-33.2 0-65.7-8.9-94-25.7l-6.7-4-69.8 18.3L72 359.2l-4.4-7c-18.5-29.4-28.2-63.3-28.2-98.2 0-101.7 82.8-184.5 184.6-184.5 49.3 0 95.6 19.2 130.4 54.1 34.8 34.9 56.2 81.2 56.1 130.5 0 101.8-84.9 184.6-186.6 184.6zm101.2-138.2c-5.5-2.8-32.8-16.2-37.9-18-5.1-1.9-8.8-2.8-12.5 2.8-3.7 5.6-14.3 18-17.6 21.8-3.2 3.7-6.5 4.2-12 1.4-32.6-16.3-54-29.1-75.5-66-5.7-9.8 5.7-9.1 16.3-30.3 1.8-3.7.9-6.9-.5-9.7-1.4-2.8-12.5-30.1-17.1-41.2-4.5-10.8-9.1-9.3-12.5-9.5-3.2-.2-6.9-.2-10.6-.2-3.7 0-9.7 1.4-14.8 6.9-5.1 5.6-19.4 19-19.4 46.3 0 27.3 19.9 53.7 22.6 57.4 2.8 3.7 39.1 59.7 94.8 83.8 35.2 15.2 49 16.5 66.6 13.9 10.7-1.6 32.8-13.4 37.4-26.4 4.6-13 4.6-24.1 3.2-26.4-1.3-2.5-5-3.9-10.5-6.6z\"><\/path><\/svg>\t\t\t<\/span>\n\t\t\t\t\t\t\t\t\t<span class=\"elementor-button-text\">Falar com a equipa no WhatsApp<\/span>\n\t\t\t\t\t<\/span>\n\t\t\t\t\t<\/a>\n\t\t\t\t<\/div>\n\t\t\t\t\t\t\t\t<\/div>\n\t\t\t\t<\/div>\n\t\t\t\t<\/div>\n\t\t\t\t<\/div>\n\t\t<div class=\"elementor-element elementor-element-ea165f0 e-flex e-con-boxed e-con e-parent\" data-id=\"ea165f0\" data-element_type=\"container\" data-e-type=\"container\" data-settings=\"{&quot;background_background&quot;:&quot;classic&quot;,&quot;_ha_eqh_enable&quot;:false}\">\n\t\t\t\t\t<div class=\"e-con-inner\">\n\t\t\t\t<div class=\"elementor-element elementor-element-c1a5a91 elementor-widget elementor-widget-text-editor\" data-id=\"c1a5a91\" data-element_type=\"widget\" data-e-type=\"widget\" data-widget_type=\"text-editor.default\">\n\t\t\t\t<div class=\"elementor-widget-container\">\n\t\t\t\t\t\t\t\t\t<p>\u00a9 2026 GST Service. All rights reserved. By Blue Bolt Agency<\/p>\t\t\t\t\t\t\t\t<\/div>\n\t\t\t\t<\/div>\n\t\t\t\t\t<\/div>\n\t\t\t\t<\/div>\n\t\t\t\t<\/div>","protected":false},"excerpt":{"rendered":"<p>Obrigado pelo seu contacto Recebemos o seu pedido de informa\u00e7\u00e3o sobre a cria\u00e7\u00e3o de empresa em Espanha Este \u00e9 o primeiro passo para estruturar a sua atividade em Espanha com acompanhamento e clareza. A equipa da GST ir\u00e1 entrar em contacto consigo para perceber melhor a sua situa\u00e7\u00e3o e explicar, de forma simples, como funciona [&hellip;]<\/p>\n","protected":false},"author":2,"featured_media":0,"parent":1152,"menu_order":0,"comment_status":"closed","ping_status":"closed","template":"elementor_canvas","meta":{"footnotes":""},"class_list":["post-1210","page","type-page","status-publish","hentry"],"_links":{"self":[{"href":"https:\/\/gstservice.es\/en\/wp-json\/wp\/v2\/pages\/1210","targetHints":{"allow":["GET"]}}],"collection":[{"href":"https:\/\/gstservice.es\/en\/wp-json\/wp\/v2\/pages"}],"about":[{"href":"https:\/\/gstservice.es\/en\/wp-json\/wp\/v2\/types\/page"}],"author":[{"embeddable":true,"href":"https:\/\/gstservice.es\/en\/wp-json\/wp\/v2\/users\/2"}],"replies":[{"embeddable":true,"href":"https:\/\/gstservice.es\/en\/wp-json\/wp\/v2\/comments?post=1210"}],"version-history":[{"count":13,"href":"https:\/\/gstservice.es\/en\/wp-json\/wp\/v2\/pages\/1210\/revisions"}],"predecessor-version":[{"id":1226,"href":"https:\/\/gstservice.es\/en\/wp-json\/wp\/v2\/pages\/1210\/revisions\/1226"}],"up":[{"embeddable":true,"href":"https:\/\/gstservice.es\/en\/wp-json\/wp\/v2\/pages\/1152"}],"wp:attachment":[{"href":"https:\/\/gstservice.es\/en\/wp-json\/wp\/v2\/media?parent=1210"}],"curies":[{"name":"wp","href":"https:\/\/api.w.org\/{rel}","templated":true}]}}